{"id":15,"date":"2019-12-02T21:33:05","date_gmt":"2019-12-02T20:33:05","guid":{"rendered":"http:\/\/nowahuta.amicikrakow.pl\/?page_id=15"},"modified":"2022-02-02T16:49:26","modified_gmt":"2022-02-02T15:49:26","slug":"menu","status":"publish","type":"page","link":"http:\/\/nowahuta.amicikrakow.pl\/?page_id=15","title":{"rendered":"Menu"},"content":{"rendered":"\t\t<div data-elementor-type=\"wp-page\" data-elementor-id=\"15\" class=\"elementor elementor-15\" data-elementor-settings=\"[]\">\n\t\t\t<div class=\"elementor-inner\">\n\t\t\t\t<div class=\"elementor-section-wrap\">\n\t\t\t\t\t\t\t<section class=\"elementor-element elementor-element-440367f elementor-section-full_width elementor-section-height-default elementor-section-height-default elementor-section elementor-top-section\" data-id=\"440367f\" data-element_type=\"section\">\n\t\t\t\t\t\t<div class=\"elementor-container elementor-column-gap-default\">\n\t\t\t\t<div class=\"elementor-row\">\n\t\t\t\t<div class=\"elementor-element elementor-element-93205ea elementor-column elementor-col-100 elementor-top-column\" data-id=\"93205ea\" data-element_type=\"column\">\n\t\t\t<div class=\"elementor-column-wrap  elementor-element-populated\">\n\t\t\t\t\t<div class=\"elementor-widget-wrap\">\n\t\t\t\t<div class=\"elementor-element elementor-element-9ad9663 elementor-widget elementor-widget-image\" data-id=\"9ad9663\" data-element_type=\"widget\" data-widget_type=\"image.default\">\n\t\t\t\t<div class=\"elementor-widget-container\">\n\t\t\t\t\t<div class=\"elementor-image\">\n\t\t\t\t\t\t\t\t\t\t\t<a href=\"https:\/\/pizzeria-amici.order.dish.co\/noflavour\/menus\" data-elementor-open-lightbox=\"\">\n\t\t\t\t\t\t\t<img width=\"1024\" height=\"175\" src=\"http:\/\/nowahuta.amicikrakow.pl\/wp-content\/uploads\/2022\/02\/amici_baner_online_1-1024x175.jpg\" class=\"attachment-large size-large\" alt=\"\" loading=\"lazy\" srcset=\"http:\/\/nowahuta.amicikrakow.pl\/wp-content\/uploads\/2022\/02\/amici_baner_online_1-1024x175.jpg 1024w, http:\/\/nowahuta.amicikrakow.pl\/wp-content\/uploads\/2022\/02\/amici_baner_online_1-300x51.jpg 300w, http:\/\/nowahuta.amicikrakow.pl\/wp-content\/uploads\/2022\/02\/amici_baner_online_1-768x131.jpg 768w, http:\/\/nowahuta.amicikrakow.pl\/wp-content\/uploads\/2022\/02\/amici_baner_online_1-1536x263.jpg 1536w, http:\/\/nowahuta.amicikrakow.pl\/wp-content\/uploads\/2022\/02\/amici_baner_online_1.jpg 1806w\" sizes=\"(max-width: 1024px) 100vw, 1024px\" \/>\t\t\t\t\t\t\t\t<\/a>\n\t\t\t\t\t\t\t\t\t\t\t<\/div>\n\t\t\t\t<\/div>\n\t\t\t\t<\/div>\n\t\t\t\t\t\t<\/div>\n\t\t\t<\/div>\n\t\t<\/div>\n\t\t\t\t\t\t<\/div>\n\t\t\t<\/div>\n\t\t<\/section>\n\t\t\t\t<div class=\"elementor-element elementor-element-8dac8f0 elementor-section-full_width elementor-section-height-min-height elementor-section-content-middle elementor-section-height-default elementor-section-items-middle elementor-section elementor-top-section\" data-id=\"8dac8f0\" data-element_type=\"section\">\n\t\t\t\t\t\t<div class=\"elementor-container elementor-column-gap-default\">\n\t\t\t\t<div class=\"elementor-row\">\n\t\t\t\t<div class=\"elementor-element elementor-element-1df8d6e elementor-column elementor-col-100 elementor-top-column\" data-id=\"1df8d6e\" data-element_type=\"column\">\n\t\t\t<div class=\"elementor-column-wrap  elementor-element-populated\">\n\t\t\t\t\t<div class=\"elementor-widget-wrap\">\n\t\t\t\t<div class=\"elementor-element elementor-element-3f88915 animated-slow elementor-invisible elementor-widget elementor-widget-html\" data-id=\"3f88915\" data-element_type=\"widget\" data-settings=\"{&quot;_animation&quot;:&quot;zoomIn&quot;,&quot;_animation_delay&quot;:500}\" data-widget_type=\"html.default\">\n\t\t\t\t<div class=\"elementor-widget-container\">\n\t\t\t<script src=\"https:\/\/kit.fontawesome.com\/3ded74916f.js\" crossorigin=\"anonymous\"><\/script>\r\n<style type=\"text\/css\">\r\n.tg  {border-collapse:collapse;border-color:#bbb;border-spacing:0;}\r\n.tg td{background-color:#E0FFEB;border-color:#bbb;border-style:solid;border-width:0px;color:#594F4F;\r\n  font-family:Arial, sans-serif;font-size:14px;overflow:hidden;padding:10px 5px;word-break:normal;}\r\n.tg th{background-color:#9DE0AD;border-color:#bbb;border-style:solid;border-width:0px;color:#493F3F;\r\n  font-family:Arial, sans-serif;font-size:14px;font-weight:normal;overflow:hidden;padding:10px 5px;word-break:normal;}\r\n.tg .tg-8wck{background-color:#008c45;color:#ffffff;text-align:left;vertical-align:top}\r\n.tg .tg-1wig{font-weight:bold;text-align:left;vertical-align:top}\r\n.tg .tg-ycr8{background-color:#ffffff;text-align:left;vertical-align:top}\r\n.tg .tg-zwrq{background-color:#e0ffeb;font-weight:bold;text-align:left;vertical-align:top}\r\n.tg .tg-8aus{background-color:#ffffff;border-color:inherit;font-style:italic;text-align:left;vertical-align:bottom; font-family: 'Alata', sans-serif;}\r\n.tg .tg-2x6d{background-color:#008c45;border-color:inherit;color:#ffffff;font-style:italic;font-weight:bold;text-align:center;\r\n  vertical-align:top}\r\n.tg .tg-gat2{background-color:#e0ffed;border-color:inherit;color:#fe0000;font-weight:bold;text-align:left;vertical-align:bottom}\r\n.tg .tg-0k55{background-color:#e0ffed;border-color:inherit;font-weight:bold;text-align:left;vertical-align:bottom}\r\n.tg .tg-w7sm{background-color:#008c45;color:#ffffff;text-align:center;vertical-align:top}\r\n.tg .tg-lore{background-color:#008c45;text-align:center;vertical-align:top}\r\n.tg .tg-lomr{background-color:#008c45;border-color:inherit;color:#ffffff;text-align:center;vertical-align:top}\r\n.tg .tg-6v43{background-color:#ffffff;font-weight:bold;text-align:left;vertical-align:top}\r\n.tg .tg-6sgx{background-color:#ffffff;text-align:left;vertical-align:top}\r\n.tg .tg-ddx5{background-color:#e0ffed;border-color:inherit;font-weight:bold;text-align:center;vertical-align:bottom}\r\n.tg .tg-07lq{background-color:#ffffff;border-color:inherit;font-style:italic;text-align:center;vertical-align:bottom}\r\n.tg .tg-ylf3{background-color:#008c45;color:#ffffff;text-align:left;vertical-align:top}\r\n.tg .tg-7kvx{background-color:#008c45;color:#ffffff;text-align:center;vertical-align:top}\r\n.tg .tg-0lax{text-align:left;vertical-align:top}\r\n.tg .tg-amwm{font-weight:bold;text-align:center;vertical-align:top}\r\n.tg .tg-upgi{background-color:#ffffff;font-weight:bold;text-align:left;vertical-align:top}\r\n.tg .tg-yp0w{background-color:#ffffff;font-weight:bold;text-align:center;vertical-align:top}\r\n.tg .tg-zuvs{background-color:#008c45;text-align:left;vertical-align:top}\r\n.tg .tg-ttnr{background-color:#e0ffeb;text-align:left;vertical-align:top}\r\n.tg .tg-r50o{background-color:#e0ffeb;font-weight:bold;text-align:center;vertical-align:top}\r\n.tg .tg-tz6l{background-color:#ffffff;font-style:italic;text-align:left;vertical-align:top}\r\n.tg .tg-i81m{background-color:#ffffff;text-align:center;vertical-align:top}\r\n@media screen and (max-width: 767px) {.tg {width: auto !important;}.tg col {width: auto !important;}.tg-wrap {overflow-x: auto;-webkit-overflow-scrolling: touch;}}<\/style>\r\n<div class=\"tg-wrap\"><table class=\"tg\">\r\n<thead>\r\n  <tr>\r\n  <th class=\"tg-lomr\">#<\/th>\r\n  <th class=\"tg-2x6d\">PIZZA<\/th>\r\n  <th class=\"tg-lomr\">36cm<\/th>\r\n  <th class=\"tg-lomr\">46cm<\/th>\r\n  <\/tr>\r\n<\/thead>\r\n<tbody>\r\n  <tr>\r\n  <td class=\"tg-ddx5\">1)<\/td>\r\n  <td class=\"tg-0k55\">Margherita<\/td>\r\n  <td class=\"tg-ddx5\">24<\/td>\r\n  <td class=\"tg-ddx5\">34<\/td>\r\n  <\/tr>\r\n  <tr>\r\n  <td class=\"tg-07lq\"><\/td>\r\n  <td class=\"tg-8aus\">sos pomidorowy, mozzarella<\/td>\r\n  <td class=\"tg-07lq\"><\/td>\r\n  <td class=\"tg-07lq\"><\/td>\r\n  <\/tr>\r\n  <tr>\r\n  <td class=\"tg-ddx5\">2)<\/td>\r\n  <td class=\"tg-0k55\">Funghi<\/td>\r\n  <td class=\"tg-ddx5\">26<\/td>\r\n  <td class=\"tg-ddx5\">36<\/td>\r\n  <\/tr>\r\n  <tr>\r\n  <td class=\"tg-07lq\"><\/td>\r\n  <td class=\"tg-8aus\">sos pomidorowy, mozzarella, pieczarki<\/td>\r\n  <td class=\"tg-07lq\"><\/td>\r\n  <td class=\"tg-07lq\"><\/td>\r\n  <\/tr>\r\n  <tr>\r\n  <td class=\"tg-ddx5\">3)<\/td>\r\n  <td class=\"tg-0k55\">Cotto<\/td>\r\n  <td class=\"tg-ddx5\">28<\/td>\r\n  <td class=\"tg-ddx5\">38<\/td>\r\n  <\/tr>\r\n  <tr>\r\n  <td class=\"tg-07lq\"><\/td>\r\n  <td class=\"tg-8aus\">sos pomidorowy, mozzarella, szynka cotto<\/td>\r\n  <td class=\"tg-07lq\"><\/td>\r\n  <td class=\"tg-07lq\"><\/td>\r\n  <\/tr>\r\n  <tr>\r\n  <td class=\"tg-ddx5\">4)<\/td>\r\n  <td class=\"tg-0k55\">Polska<\/td>\r\n  <td class=\"tg-ddx5\">30<\/td>\r\n  <td class=\"tg-ddx5\">40<\/td>\r\n  <\/tr>\r\n  <tr>\r\n  <td class=\"tg-07lq\"><\/td>\r\n  <td class=\"tg-8aus\">sos pomidorowy, mozzarella, szynka cotto, pieczarki<\/td>\r\n  <td class=\"tg-07lq\"><\/td>\r\n  <td class=\"tg-07lq\"><\/td>\r\n  <\/tr>\r\n  <tr>\r\n  <td class=\"tg-ddx5\">5)<\/td>\r\n  <td class=\"tg-0k55\">Hawajska<\/td>\r\n  <td class=\"tg-ddx5\">30<\/td>\r\n  <td class=\"tg-ddx5\">40<\/td>\r\n  <\/tr>\r\n  <tr>\r\n  <td class=\"tg-07lq\"><\/td>\r\n  <td class=\"tg-8aus\">sos pomidorowy, mozzarella, szynka cotto, ananas<\/td>\r\n  <td class=\"tg-07lq\"><\/td>\r\n  <td class=\"tg-07lq\"><\/td>\r\n  <\/tr>\r\n  <tr>\r\n  <td class=\"tg-ddx5\">6)<\/td>\r\n  <td class=\"tg-0k55\">Capricciosa<\/td>\r\n  <td class=\"tg-ddx5\">31<\/td>\r\n  <td class=\"tg-ddx5\">41<\/td>\r\n  <\/tr>\r\n  <tr>\r\n  <td class=\"tg-07lq\"><\/td>\r\n  <td class=\"tg-8aus\">sos pomidorowy, mozzarella, szynka cotto, pieczarki, oliwki<\/td>\r\n  <td class=\"tg-07lq\"><\/td>\r\n  <td class=\"tg-07lq\"><\/td>\r\n  <\/tr>\r\n  <tr>\r\n  <td class=\"tg-ddx5\">7)<\/td>\r\n  <td class=\"tg-0k55\">Victoria<\/td>\r\n  <td class=\"tg-ddx5\">32<\/td>\r\n  <td class=\"tg-ddx5\">42<\/td>\r\n  <\/tr>\r\n  <tr>\r\n  <td class=\"tg-07lq\"><\/td>\r\n  <td class=\"tg-8aus\">sos pomidorowy, mozzarella, szynka cotto, kukurydza, papryka, oliwki<\/td>\r\n  <td class=\"tg-07lq\"><\/td>\r\n  <td class=\"tg-07lq\"><\/td>\r\n  <\/tr>\r\n  <tr>\r\n  <td class=\"tg-ddx5\">8)<\/td>\r\n  <td class=\"tg-0k55\">Piegus<\/td>\r\n  <td class=\"tg-ddx5\">33<\/td>\r\n  <td class=\"tg-ddx5\">43<\/td>\r\n  <\/tr>\r\n  <tr>\r\n  <td class=\"tg-07lq\"><\/td>\r\n  <td class=\"tg-8aus\">sos \u015bmietanowo-serowy, bia\u0142a mozzarella, szynka cotto, szczypiorek<\/td>\r\n  <td class=\"tg-07lq\"><\/td>\r\n  <td class=\"tg-07lq\"><\/td>\r\n  <\/tr>\r\n  <tr>\r\n  <td class=\"tg-ddx5\">9)<\/td>\r\n  <td class=\"tg-0k55\">Amici<\/td>\r\n  <td class=\"tg-ddx5\">34<\/td>\r\n  <td class=\"tg-ddx5\">44<\/td>\r\n  <\/tr>\r\n  <tr>\r\n  <td class=\"tg-07lq\"><\/td>\r\n  <td class=\"tg-8aus\">sos pomidorowy, mozzarella, szynka cotto, salami napoli, pieczarki, kukurydza<\/td>\r\n  <td class=\"tg-07lq\"><\/td>\r\n  <td class=\"tg-07lq\"><\/td>\r\n  <\/tr>\r\n  <tr>\r\n  <td class=\"tg-ddx5\">10)<\/td>\r\n  <td class=\"tg-0k55\">Mamacita<\/td>\r\n  <td class=\"tg-ddx5\">35<\/td>\r\n  <td class=\"tg-ddx5\">45<\/td>\r\n  <\/tr>\r\n  <tr>\r\n  <td class=\"tg-07lq\"><\/td>\r\n  <td class=\"tg-8aus\">sos \u015bmietanowo-serowy, mozzarella, szynka cotto, salami napoli, pieczarki, kukurydza<\/td>\r\n  <td class=\"tg-07lq\"><\/td>\r\n  <td class=\"tg-07lq\"><\/td>\r\n  <\/tr>\r\n  <tr>\r\n  <td class=\"tg-ddx5\">11)<\/td>\r\n  <td class=\"tg-0k55\">Siciliana<\/td>\r\n  <td class=\"tg-ddx5\">35<\/td>\r\n  <td class=\"tg-ddx5\">45<\/td>\r\n  <\/tr>\r\n  <tr>\r\n  <td class=\"tg-07lq\"><\/td>\r\n  <td class=\"tg-8aus\">sos pomidorowy, mozzarella, salami napoli, tu\u0144czyk, papryka, oliwki, cebula<\/td>\r\n  <td class=\"tg-07lq\"><\/td>\r\n  <td class=\"tg-07lq\"><\/td>\r\n  <\/tr>\r\n  <tr>\r\n  <td class=\"tg-ddx5\">12)<\/td>\r\n  <td class=\"tg-0k55\">Salami<\/td>\r\n  <td class=\"tg-ddx5\">31<\/td>\r\n  <td class=\"tg-ddx5\">41<\/td>\r\n  <\/tr>\r\n  <tr>\r\n  <td class=\"tg-07lq\"><\/td>\r\n  <td class=\"tg-8aus\">sos pomidorowy, mozzarella, salami napoli \/ salami piccante<\/td>\r\n  <td class=\"tg-07lq\"><\/td>\r\n  <td class=\"tg-07lq\"><\/td>\r\n  <\/tr>\r\n  <tr>\r\n  <td class=\"tg-ddx5\">13)<\/td>\r\n  <td class=\"tg-0k55\">Salami Plus<\/td>\r\n  <td class=\"tg-ddx5\">33<\/td>\r\n  <td class=\"tg-ddx5\">43<\/td>\r\n  <\/tr>\r\n  <tr>\r\n  <td class=\"tg-07lq\"><\/td>\r\n  <td class=\"tg-8aus\">sos pomidorowy, mozzarella, salami napoli, pieczarki, oliwki<\/td>\r\n  <td class=\"tg-07lq\"><\/td>\r\n  <td class=\"tg-07lq\"><\/td>\r\n  <\/tr>\r\n  <tr>\r\n  <td class=\"tg-ddx5\">14)<\/td>\r\n  <td class=\"tg-0k55\">Roma<\/td>\r\n  <td class=\"tg-ddx5\">33<\/td>\r\n  <td class=\"tg-ddx5\">43<\/td>\r\n  <\/tr>\r\n  <tr>\r\n  <td class=\"tg-07lq\"><\/td>\r\n  <td class=\"tg-8aus\">sos pomidorowy, mozzarella, salami napoli, papryka, kukurydza<\/td>\r\n  <td class=\"tg-07lq\"><\/td>\r\n  <td class=\"tg-07lq\"><\/td>\r\n  <\/tr>\r\n  <tr>\r\n  <td class=\"tg-ddx5\">15)<\/td>\r\n  <td class=\"tg-gat2\">Salami Piccante <i class=\"fa fa-pepper-hot chillired\"><\/i><\/td>\r\n  <td class=\"tg-ddx5\">35<\/td>\r\n  <td class=\"tg-ddx5\">45<\/td>\r\n  <\/tr>\r\n  <tr>\r\n  <td class=\"tg-07lq\"><\/td>\r\n  <td class=\"tg-8aus\">sos pomidorowy, mozzarella, salami piccante, jalapeno, gorgonzola<\/td>\r\n  <td class=\"tg-07lq\"><\/td>\r\n  <td class=\"tg-07lq\"><\/td>\r\n  <\/tr>\r\n  <tr>\r\n  <td class=\"tg-ddx5\">16)<\/td>\r\n  <td class=\"tg-gat2\">Ostra <i class=\"fa fa-pepper-hot chillired\"><\/i><\/td>\r\n  <td class=\"tg-ddx5\">34<\/td>\r\n  <td class=\"tg-ddx5\">44<\/td>\r\n  <\/tr>\r\n  <tr>\r\n  <td class=\"tg-07lq\"><\/td>\r\n  <td class=\"tg-8aus\">sos pomidorowy, mozzarella, salami piccante, pieczarki, chilli, jalapeno<\/td>\r\n  <td class=\"tg-07lq\"><\/td>\r\n  <td class=\"tg-07lq\"><\/td>\r\n  <\/tr>\r\n  <tr>\r\n  <td class=\"tg-ddx5\">17)<\/td>\r\n  <td class=\"tg-gat2\">Diavola <i class=\"fa fa-pepper-hot chillired\"><\/i><\/td>\r\n  <td class=\"tg-ddx5\">34<\/td>\r\n  <td class=\"tg-ddx5\">44<\/td>\r\n  <\/tr>\r\n  <tr>\r\n  <td class=\"tg-07lq\"><\/td>\r\n  <td class=\"tg-8aus\">sos pomidorowy, mozzarella, szynka cotto, salami piccante, oliwa pikantna, cebula<\/td>\r\n  <td class=\"tg-07lq\"><\/td>\r\n  <td class=\"tg-07lq\"><\/td>\r\n  <\/tr>\r\n  <tr>\r\n  <td class=\"tg-ddx5\">18)<\/td>\r\n  <td class=\"tg-gat2\">Amatriciana <i class=\"fa fa-pepper-hot chillired\"><\/i><\/td>\r\n  <td class=\"tg-ddx5\">34<\/td>\r\n  <td class=\"tg-ddx5\">44<\/td>\r\n  <\/tr>\r\n  <tr>\r\n  <td class=\"tg-07lq\"><\/td>\r\n  <td class=\"tg-8aus\">sos pomidorowy, bia\u0142a mozzarella, boczek, cebula, chilli, grana padano<\/td>\r\n  <td class=\"tg-07lq\"><\/td>\r\n  <td class=\"tg-07lq\"><\/td>\r\n  <\/tr>\r\n  <tr>\r\n  <td class=\"tg-ddx5\">19)<\/td>\r\n  <td class=\"tg-0k55\">Panchetta<\/td>\r\n  <td class=\"tg-ddx5\">34<\/td>\r\n  <td class=\"tg-ddx5\">44<\/td>\r\n  <\/tr>\r\n  <tr>\r\n  <td class=\"tg-07lq\"><\/td>\r\n  <td class=\"tg-8aus\">sos \u015bmietanowo-serowy, bia\u0142a mozzarella, boczek, por, pieprz mielony<\/td>\r\n  <td class=\"tg-07lq\"><\/td>\r\n  <td class=\"tg-07lq\"><\/td>\r\n  <\/tr>\r\n  <tr>\r\n  <td class=\"tg-ddx5\">20)<\/td>\r\n  <td class=\"tg-0k55\">Ch\u0142opska<\/td>\r\n  <td class=\"tg-ddx5\">33<\/td>\r\n  <td class=\"tg-ddx5\">43<\/td>\r\n  <\/tr>\r\n  <tr>\r\n  <td class=\"tg-07lq\"><\/td>\r\n  <td class=\"tg-8aus\">sos pomidorowy, mozzarella, boczek, kie\u0142basa, pieczarki, cebula<\/td>\r\n  <td class=\"tg-07lq\"><\/td>\r\n  <td class=\"tg-07lq\"><\/td>\r\n  <\/tr>\r\n  <tr>\r\n  <td class=\"tg-ddx5\">21)<\/td>\r\n  <td class=\"tg-0k55\">G\u00f3ralska<\/td>\r\n  <td class=\"tg-ddx5\">33<\/td>\r\n  <td class=\"tg-ddx5\">43<\/td>\r\n  <\/tr>\r\n  <tr>\r\n  <td class=\"tg-07lq\"><\/td>\r\n  <td class=\"tg-8aus\">sos pomidorowy, mozzarella, boczek, ser w\u0119dzony, cebula, \u017curawina<\/td>\r\n  <td class=\"tg-07lq\"><\/td>\r\n  <td class=\"tg-07lq\"><\/td>\r\n  <\/tr>\r\n  <tr>\r\n  <td class=\"tg-ddx5\">22)<\/td>\r\n  <td class=\"tg-0k55\">Verona<\/td>\r\n  <td class=\"tg-ddx5\">32<\/td>\r\n  <td class=\"tg-ddx5\">42<\/td>\r\n  <\/tr>\r\n  <tr>\r\n  <td class=\"tg-07lq\"><\/td>\r\n  <td class=\"tg-8aus\">sos pomidorowy, mozzarella, kurczak, kukurydza, cebula<\/td>\r\n  <td class=\"tg-07lq\"><\/td>\r\n  <td class=\"tg-07lq\"><\/td>\r\n  <\/tr>\r\n  <tr>\r\n  <td class=\"tg-ddx5\">23)<\/td>\r\n  <td class=\"tg-0k55\">Pollo<\/td>\r\n  <td class=\"tg-ddx5\">33<\/td>\r\n  <td class=\"tg-ddx5\">43<\/td>\r\n  <\/tr>\r\n  <tr>\r\n  <td class=\"tg-07lq\"><\/td>\r\n  <td class=\"tg-8aus\">sos pomidorowy, mozzarella, kurczak, szpinak, ser feta, pomidor<\/td>\r\n  <td class=\"tg-07lq\"><\/td>\r\n  <td class=\"tg-07lq\"><\/td>\r\n  <\/tr>\r\n  <tr>\r\n  <td class=\"tg-ddx5\">24)<\/td>\r\n  <td class=\"tg-0k55\">Pollo Curry<\/td>\r\n  <td class=\"tg-ddx5\">35<\/td>\r\n  <td class=\"tg-ddx5\">45<\/td>\r\n  <\/tr>\r\n  <tr>\r\n  <td class=\"tg-07lq\"><\/td>\r\n  <td class=\"tg-8aus\">sos pomidorowy, mozzarella, kurczak, bia\u0142a mozzarella, papryka, cebula, przyprawa curry<\/td>\r\n  <td class=\"tg-07lq\"><\/td>\r\n  <td class=\"tg-07lq\"><\/td>\r\n  <\/tr>\r\n  <tr>\r\n  <td class=\"tg-ddx5\">25)<\/td>\r\n  <td class=\"tg-0k55\">Tonno<\/td>\r\n  <td class=\"tg-ddx5\">33<\/td>\r\n  <td class=\"tg-ddx5\">43<\/td>\r\n  <\/tr>\r\n  <tr>\r\n  <td class=\"tg-07lq\"><\/td>\r\n  <td class=\"tg-8aus\">sos pomidorowy, mozzarella, tu\u0144czyk, oliwki, cebula, kukurydza<\/td>\r\n  <td class=\"tg-07lq\"><\/td>\r\n  <td class=\"tg-07lq\"><\/td>\r\n  <\/tr>\r\n  <tr>\r\n  <td class=\"tg-ddx5\">26)<\/td>\r\n  <td class=\"tg-0k55\">Spinaci<\/td>\r\n  <td class=\"tg-ddx5\">33<\/td>\r\n  <td class=\"tg-ddx5\">43<\/td>\r\n  <\/tr>\r\n  <tr>\r\n  <td class=\"tg-07lq\"><\/td>\r\n  <td class=\"tg-8aus\">sos pomidorowy, mozzarella, szpinak, ser feta, rukola<\/td>\r\n  <td class=\"tg-07lq\"><\/td>\r\n  <td class=\"tg-07lq\"><\/td>\r\n  <\/tr>\r\n  <tr>\r\n  <td class=\"tg-ddx5\">27)<\/td>\r\n  <td class=\"tg-0k55\">Vegetariana<\/td>\r\n  <td class=\"tg-ddx5\">33<\/td>\r\n  <td class=\"tg-ddx5\">43<\/td>\r\n  <\/tr>\r\n  <tr>\r\n  <td class=\"tg-07lq\"><\/td>\r\n  <td class=\"tg-8aus\">sos pomidorowy, mozzarella, pieczarki, papryka, cukinia, cebula<\/td>\r\n  <td class=\"tg-07lq\"><\/td>\r\n  <td class=\"tg-07lq\"><\/td>\r\n  <\/tr>\r\n  <tr>\r\n  <td class=\"tg-ddx5\">28)<\/td>\r\n  <td class=\"tg-0k55\">Quattro Formaggi<\/td>\r\n  <td class=\"tg-ddx5\">35<\/td>\r\n  <td class=\"tg-ddx5\">45<\/td>\r\n  <\/tr>\r\n  <tr>\r\n  <td class=\"tg-07lq\"><\/td>\r\n  <td class=\"tg-8aus\">sos pomidorowy, mozzarella, bia\u0142a mozzarella, grana padano, gorgonzola<\/td>\r\n  <td class=\"tg-07lq\"><\/td>\r\n  <td class=\"tg-07lq\"><\/td>\r\n  <\/tr>\r\n  <tr>\r\n  <td class=\"tg-ddx5\">29)<\/td>\r\n  <td class=\"tg-gat2\">Marinara <i class=\"fa fa-pepper-hot chillired\"><\/i><\/td>\r\n  <td class=\"tg-ddx5\">33<\/td>\r\n  <td class=\"tg-ddx5\">43<\/td>\r\n  <\/tr>\r\n  <tr>\r\n  <td class=\"tg-07lq\"><\/td>\r\n  <td class=\"tg-8aus\">sos pomidorowy, grana padano, oliwa czosnkowa, pomidorki koktajlowe, chilli, bazylia<\/td>\r\n  <td class=\"tg-07lq\"><\/td>\r\n  <td class=\"tg-07lq\"><\/td>\r\n  <\/tr>\r\n  <tr>\r\n  <td class=\"tg-ddx5\">30)<\/td>\r\n  <td class=\"tg-0k55\">Parma<\/td>\r\n  <td class=\"tg-ddx5\">36<\/td>\r\n  <td class=\"tg-ddx5\">46<\/td>\r\n  <\/tr>\r\n  <tr>\r\n  <td class=\"tg-07lq\"><\/td>\r\n  <td class=\"tg-8aus\">sos pomidorowy, mozzarella, szynka parme\u0144ska, pomidorki koktajlowe, grana padano, rukola<\/td>\r\n  <td class=\"tg-07lq\"><\/td>\r\n  <td class=\"tg-07lq\"><\/td>\r\n  <\/tr>\r\n  <tr>\r\n  <td class=\"tg-ddx5\">31)<\/td>\r\n  <td class=\"tg-0k55\">Szefa<\/td>\r\n  <td class=\"tg-ddx5\">38<\/td>\r\n  <td class=\"tg-ddx5\">48<\/td>\r\n  <\/tr>\r\n  <tr>\r\n  <td class=\"tg-07lq\"><\/td>\r\n  <td class=\"tg-8aus\">sos pomidorowy, mozzarella, szynka cotto, kie\u0142basa, boczek, kurczak, pieczarki, pomidor, cebula<\/td>\r\n  <td class=\"tg-07lq\"><\/td>\r\n  <td class=\"tg-07lq\"><\/td>\r\n  <\/tr>\r\n  <!-- <tr>\r\n  <td class=\"tg-ddx5\">32)<\/td>\r\n  <td class=\"tg-0k55\">Olivia<\/td>\r\n  <td class=\"tg-ddx5\">35<\/td>\r\n  <td class=\"tg-ddx5\">45<\/td>\r\n  <\/tr>\r\n  <tr>\r\n  <td class=\"tg-07lq\"><\/td>\r\n  <td class=\"tg-8aus\">oliwa czosnkowa, pomidor kostka, grana padano, szynka parme\u0144ska, bia\u0142a mozzarella, pomidorki koktajlowe, bazylia<\/td>\r\n  <td class=\"tg-07lq\"><\/td>\r\n  <td class=\"tg-07lq\"><\/td>\r\n  <\/tr> -->\r\n  <tr>\r\n  <td class=\"tg-ddx5\">32)<\/td>\r\n  <td class=\"tg-gat2\">Gamberetti <i class=\"fa fa-pepper-hot chillired\"><\/i><\/td>\r\n  <td class=\"tg-ddx5\">38<\/td>\r\n  <td class=\"tg-ddx5\">48<\/td>\r\n  <\/tr>\r\n  <tr>\r\n  <td class=\"tg-07lq\"><\/td>\r\n  <td class=\"tg-8aus\">sos pomidorowy, bia\u0142a mozzarella, krewetki marynowane, salami piccante, pomidor kostka, bazylia<\/td>\r\n  <td class=\"tg-07lq\"><\/td>\r\n  <td class=\"tg-07lq\"><\/td>\r\n  <\/tr>\r\n  <tr>\r\n  <td class=\"tg-ddx5\">33)<\/td>\r\n  <td class=\"tg-0k55\">Fantazja<\/td>\r\n  <td class=\"tg-ddx5\">38<\/td>\r\n  <td class=\"tg-ddx5\">48<\/td>\r\n  <\/tr>\r\n  <tr>\r\n  <td class=\"tg-07lq\"><\/td>\r\n  <td class=\"tg-8aus\">sos pomidorowy, mozzarella, 6 wybranych sk\u0142adnik\u00f3w (3 mi\u0119sne\/serowe, 3 warzywne)<\/td>\r\n  <td class=\"tg-07lq\"><\/td>\r\n  <td class=\"tg-07lq\"><\/td>\r\n  <\/tr>\r\n  <!--Nowosci START -->\r\n    <tr>\r\n  <td class=\"tg-ylf3\"><\/td>\r\n  <td class=\"tg-7kvx\"><span style=\"font-weight:bold;font-style:italic\">NOWO\u015aCI<\/span><\/td>\r\n  <td class=\"tg-ylf3\"><\/td>\r\n  <td class=\"tg-ylf3\"><\/td>\r\n  <\/tr>\r\n  <!-- NOWE PIZZE -->\r\n  <tr>\r\n  <td class=\"tg-ddx5\">34)<\/td>\r\n  <td class=\"tg-0k55\">Fiorentina<\/td>\r\n  <td class=\"tg-ddx5\">36<\/td>\r\n  <td class=\"tg-ddx5\">46<\/td>\r\n  <\/tr>\r\n  <tr>\r\n  <td class=\"tg-07lq\"><\/td>\r\n  <td class=\"tg-8aus\">sos pomidorowy, mozzarella, salami napoli, gorgonzola, rukola, grana padano<\/td>\r\n  <td class=\"tg-07lq\"><\/td>\r\n  <td class=\"tg-07lq\"><\/td>\r\n  <\/tr>\r\n  \r\n  <tr>\r\n  <td class=\"tg-ddx5\">35)<\/td>\r\n  <td class=\"tg-gat2\">Primavera <i class=\"fa fa-pepper-hot chillired\"><\/i><\/td>\r\n  <td class=\"tg-ddx5\">36<\/td>\r\n  <td class=\"tg-ddx5\">46<\/td>\r\n  <\/tr>\r\n  <tr>\r\n  <td class=\"tg-07lq\"><\/td>\r\n  <td class=\"tg-8aus\">sos \u015bmietanowo-serowy, bia\u0142a mozzarella, salami piccante, borowik, szczypiorek<\/td>\r\n  <td class=\"tg-07lq\"><\/td>\r\n  <td class=\"tg-07lq\"><\/td>\r\n  <\/tr>\r\n  \r\n  <tr>\r\n  <td class=\"tg-ddx5\">36)<\/td>\r\n  <td class=\"tg-0k55\">Boscaiola<\/td>\r\n  <td class=\"tg-ddx5\">36<\/td>\r\n  <td class=\"tg-ddx5\">46<\/td>\r\n  <\/tr>\r\n  <tr>\r\n  <td class=\"tg-07lq\"><\/td>\r\n  <td class=\"tg-8aus\">sos pomidorowy, mozzarella, boczek, kie\u0142basa, borowik, og\u00f3rek kiszony, rozmaryn<\/td>\r\n  <td class=\"tg-07lq\"><\/td>\r\n  <td class=\"tg-07lq\"><\/td>\r\n  <\/tr>\r\n  \r\n  <tr>\r\n  <td class=\"tg-ddx5\">37)<\/td>\r\n  <td class=\"tg-0k55\">Calzone<\/td>\r\n  <td class=\"tg-amwm\" colspan=\"2\">33<\/td>\r\n  <\/tr>\r\n  <tr>\r\n  <td class=\"tg-07lq\"><\/td>\r\n  <td class=\"tg-8aus\">sos pomidorowy, mozzarella, szynka, pieczarki, sos czosnkowy<\/td>\r\n  <td class=\"tg-07lq\"><\/td>\r\n  <td class=\"tg-07lq\"><\/td>\r\n  <\/tr>\r\n  \r\n  <!--Nowosci STOP -->\r\n  <tr>\r\n  <td class=\"tg-ylf3\"><\/td>\r\n  <td class=\"tg-7kvx\"><span style=\"font-weight:bold;font-style:italic\">DODATKI<\/span><\/td>\r\n  <td class=\"tg-ylf3\"><\/td>\r\n  <td class=\"tg-ylf3\"><\/td>\r\n  <\/tr>\r\n  <tr>\r\n  <td class=\"tg-0lax\"><\/td>\r\n  <td class=\"tg-1wig\">Serowe<\/td>\r\n  <td class=\"tg-amwm\">4<\/td>\r\n  <td class=\"tg-amwm\">5<\/td>\r\n  <\/tr>\r\n  <tr>\r\n  <td class=\"tg-6sgx\"><\/td>\r\n  <td class=\"tg-upgi\">Mi\u0119sne<\/td>\r\n  <td class=\"tg-yp0w\">4<\/td>\r\n  <td class=\"tg-yp0w\">5<\/td>\r\n  <\/tr>\r\n  <tr>\r\n  <td class=\"tg-0lax\"><\/td>\r\n  <td class=\"tg-1wig\">Warzywne<\/td>\r\n  <td class=\"tg-amwm\">3<\/td>\r\n  <td class=\"tg-amwm\">4<\/td>\r\n  <\/tr>\r\n  <tr>\r\n  <td class=\"tg-6sgx\"><\/td>\r\n  <td class=\"tg-upgi\">Sos tabasco Scorpion (na pizz\u0119)<\/td>\r\n  <td class=\"tg-yp0w\">4<\/td>\r\n  <td class=\"tg-yp0w\">5<\/td>\r\n  <\/tr>\r\n  <tr>\r\n  <td class=\"tg-0lax\"><\/td>\r\n  <td class=\"tg-1wig\">Krewetki<\/td>\r\n  <td class=\"tg-amwm\">6<\/td>\r\n  <td class=\"tg-amwm\">8<\/td>\r\n  <\/tr>\r\n  <tr>\r\n  <td class=\"tg-ylf3\"><\/td>\r\n  <td class=\"tg-7kvx\"><span style=\"font-weight:bold;font-style:italic\">SOSY<\/span><\/td>\r\n  <td class=\"tg-ylf3\"><\/td>\r\n  <td class=\"tg-ylf3\"><\/td>\r\n  <\/tr>\r\n  <tr>\r\n  <td class=\"tg-0lax\"><\/td>\r\n  <td class=\"tg-1wig\">Sos czosnkowy \/ Sos pomidorowy \/ Ostry<\/td>\r\n  <td class=\"tg-amwm\" colspan=\"2\">3<\/td>\r\n  <\/tr>\r\n  <tr>\r\n  <td class=\"tg-6sgx\"><\/td>\r\n  <td class=\"tg-upgi\">Oliwa czosnkowa \/ Oliwa pikantna<\/td>\r\n  <td class=\"tg-yp0w\" colspan=\"2\">3<\/td>\r\n  <\/tr>\r\n  <tr>\r\n  <td class=\"tg-zuvs\"><\/td>\r\n  <td class=\"tg-lore\"><span style=\"font-weight:bold;font-style:italic;color:#FFF\">NAPOJE<\/span><\/td>\r\n  <td class=\"tg-zuvs\"><\/td>\r\n  <td class=\"tg-zuvs\"><\/td>\r\n  <\/tr>\r\n  <tr>\r\n  <td class=\"tg-ttnr\"><\/td>\r\n  <td class=\"tg-ttnr\"><span style=\"font-weight:bold\">Pepsi \/ Pepsi Max \/  Mirinda \/ 7UP - 500ml<\/span><\/td>\r\n  <td class=\"tg-r50o\" colspan=\"2\">7<\/td>\r\n  <\/tr>\r\n<\/tbody>\r\n<\/table><\/div>\t\t<\/div>\n\t\t\t\t<\/div>\n\t\t\t\t\t\t<\/div>\n\t\t\t<\/div>\n\t\t<\/div>\n\t\t\t\t\t\t<\/div>\n\t\t\t<\/div>\n\t\t<\/div>\n\t\t\t\t\t\t<\/div>\n\t\t\t<\/div>\n\t\t<\/div>\n\t\t","protected":false},"excerpt":{"rendered":"<p># PIZZA 36cm 46cm 1) Margherita 24 34 sos pomidorowy, mozzarella 2) Funghi 26 36 sos pomidorowy, mozzarella, pieczarki 3) Cotto 28 38 sos pomidorowy, mozzarella, szynka cotto 4) Polska 30 40 sos pomidorowy, mozzarella, szynka cotto, pieczarki 5) Hawajska 30 40 sos pomidorowy, mozzarella, szynka cotto, ananas 6) Capricciosa 31 41 sos pomidorowy, mozzarella, [&hellip;]<\/p>\n","protected":false},"author":1,"featured_media":0,"parent":0,"menu_order":0,"comment_status":"closed","ping_status":"closed","template":"","meta":[],"_links":{"self":[{"href":"http:\/\/nowahuta.amicikrakow.pl\/index.php?rest_route=\/wp\/v2\/pages\/15"}],"collection":[{"href":"http:\/\/nowahuta.amicikrakow.pl\/index.php?rest_route=\/wp\/v2\/pages"}],"about":[{"href":"http:\/\/nowahuta.amicikrakow.pl\/index.php?rest_route=\/wp\/v2\/types\/page"}],"author":[{"embeddable":true,"href":"http:\/\/nowahuta.amicikrakow.pl\/index.php?rest_route=\/wp\/v2\/users\/1"}],"replies":[{"embeddable":true,"href":"http:\/\/nowahuta.amicikrakow.pl\/index.php?rest_route=%2Fwp%2Fv2%2Fcomments&post=15"}],"version-history":[{"count":74,"href":"http:\/\/nowahuta.amicikrakow.pl\/index.php?rest_route=\/wp\/v2\/pages\/15\/revisions"}],"predecessor-version":[{"id":288,"href":"http:\/\/nowahuta.amicikrakow.pl\/index.php?rest_route=\/wp\/v2\/pages\/15\/revisions\/288"}],"wp:attachment":[{"href":"http:\/\/nowahuta.amicikrakow.pl\/index.php?rest_route=%2Fwp%2Fv2%2Fmedia&parent=15"}],"curies":[{"name":"wp","href":"https:\/\/api.w.org\/{rel}","templated":true}]}}